{"id":908,"date":"2025-10-19T14:07:21","date_gmt":"2025-10-19T13:07:21","guid":{"rendered":"https:\/\/miniatrains-modeles.com\/?post_type=product&#038;p=908"},"modified":"2026-03-15T14:26:30","modified_gmt":"2026-03-15T13:26:30","slug":"hom-locotracteur-62-cfd","status":"publish","type":"product","link":"https:\/\/miniatrains-modeles.com\/?product=hom-locotracteur-62-cfd","title":{"rendered":"HOm &#8211; Locotracteur 62 &#8211; CFD"},"content":{"rendered":"<p>Les CFD produisent une s\u00e9rie de locotracteurs pour les r\u00e9seaux secondaires et industriels, destin\u00e9s \u00e0 remplacer la traction vapeur sur les lignes \u00e0 voie m\u00e9trique et \u00e0 voie normale. Le locotracteur CFD<strong data-start=\"468\" data-end=\"478\">\u00a062<\/strong> appartient \u00e0 une g\u00e9n\u00e9ration d\u2019engins compacts, robustes et \u00e9conomiques, con\u00e7us pour les man\u0153uvres et les dessertes locales.<\/p>\n<p><strong><u>Caract\u00e9ristiques\u00a0:<\/u><\/strong><\/p>\n<p>Ce mod\u00e8le \u00e9voque la caisse du locotracteur CFD 62. Le kit est tr\u00e8s simple \u00e0 monter puisqu\u2019il se pr\u00e9sente sous la forme d\u2019une seule pi\u00e8ce pour la caisse et des pi\u00e8ces rapport\u00e9es pour les accessoires. La peinture s\u2019effectue facilement. L&rsquo;\u00e9tat de surface est extr\u00eamement fin ce qui ne demande aucune pr\u00e9paration avant peinture.<\/p>\n<p>Cette caisse est pr\u00e9vue pour s&rsquo;adapter sur un ch\u00e2ssis de locomotive \u00e0 vapeur 030 du commerce. Ici la motorisation est assur\u00e9e par un mod\u00e8le de la marque Tillig.<\/p>\n<p>L\u2019impression 3D est d\u2019une grande finesse (couches de 3 microns). Nous utilisons \u00e9galement la r\u00e9sine de haute qualit\u00e9 (AMD-3) de chez Ameralabs. Cette derni\u00e8re est sp\u00e9cifiquement pr\u00e9vue pour obtenir des impressions fines, robustes et durables dans le temps.<\/p>\n<p><strong><u>Pi\u00e8ces livr\u00e9es dans le kit\u00a0: <\/u><\/strong><\/p>\n<ul>\n<li>Une pi\u00e8ce : la caisse \u00a0Le tout est pr\u00eat pour la mise en peinture.<\/li>\n<li>2 tampons \u00ab\u00a0simple\u00a0\u00bb en impression 3D.<\/li>\n<li>La trompe de l&rsquo;avertisseur sonore.<\/li>\n<li>2 feux.<\/li>\n<li>Vitrage \u00e0 d\u00e9couper.<\/li>\n<\/ul>\n","protected":false},"excerpt":{"rendered":"<p>Les CFD produisent une s\u00e9rie de locotracteurs pour les r\u00e9seaux secondaires et industriels, destin\u00e9s \u00e0 remplacer la traction vapeur sur les lignes \u00e0 voie m\u00e9trique et \u00e0 voie normale. Le locotracteur CFD\u00a062 appartient \u00e0 une g\u00e9n\u00e9ration d\u2019engins compacts, robustes et \u00e9conomiques, con\u00e7us pour les man\u0153uvres et les dessertes locales. Caract\u00e9ristiques\u00a0: Ce mod\u00e8le \u00e9voque la caisse [&hellip;]<\/p>\n","protected":false},"featured_media":911,"comment_status":"open","ping_status":"closed","template":"","meta":{"_monsterinsights_skip_tracking":false,"_monsterinsights_sitenote_active":false,"_monsterinsights_sitenote_note":"","_monsterinsights_sitenote_category":0},"product_brand":[],"product_cat":[33,28],"product_tag":[],"class_list":{"0":"post-908","1":"product","2":"type-product","3":"status-publish","4":"has-post-thumbnail","6":"product_cat-hom-locotracteurs","7":"product_cat-locotracteur","9":"first","10":"instock","11":"shipping-taxable","12":"purchasable","13":"product-type-simple"},"aioseo_notices":[],"_links":{"self":[{"href":"https:\/\/miniatrains-modeles.com\/index.php?rest_route=\/wp\/v2\/product\/908","targetHints":{"allow":["GET"]}}],"collection":[{"href":"https:\/\/miniatrains-modeles.com\/index.php?rest_route=\/wp\/v2\/product"}],"about":[{"href":"https:\/\/miniatrains-modeles.com\/index.php?rest_route=\/wp\/v2\/types\/product"}],"replies":[{"embeddable":true,"href":"https:\/\/miniatrains-modeles.com\/index.php?rest_route=%2Fwp%2Fv2%2Fcomments&post=908"}],"wp:featuredmedia":[{"embeddable":true,"href":"https:\/\/miniatrains-modeles.com\/index.php?rest_route=\/wp\/v2\/media\/911"}],"wp:attachment":[{"href":"https:\/\/miniatrains-modeles.com\/index.php?rest_route=%2Fwp%2Fv2%2Fmedia&parent=908"}],"wp:term":[{"taxonomy":"product_brand","embeddable":true,"href":"https:\/\/miniatrains-modeles.com\/index.php?rest_route=%2Fwp%2Fv2%2Fproduct_brand&post=908"},{"taxonomy":"product_cat","embeddable":true,"href":"https:\/\/miniatrains-modeles.com\/index.php?rest_route=%2Fwp%2Fv2%2Fproduct_cat&post=908"},{"taxonomy":"product_tag","embeddable":true,"href":"https:\/\/miniatrains-modeles.com\/index.php?rest_route=%2Fwp%2Fv2%2Fproduct_tag&post=908"}],"curies":[{"name":"wp","href":"https:\/\/api.w.org\/{rel}","templated":true}]}}