{"id":812,"date":"2025-02-24T23:36:09","date_gmt":"2025-02-24T22:36:09","guid":{"rendered":"https:\/\/miniatrains-modeles.com\/?post_type=product&#038;p=812"},"modified":"2026-03-16T17:38:04","modified_gmt":"2026-03-16T16:38:04","slug":"hom-autorail-de-dion-bouton-ml","status":"publish","type":"product","link":"https:\/\/miniatrains-modeles.com\/?product=hom-autorail-de-dion-bouton-ml","title":{"rendered":"HOm &#8211; Autorail De Dion-Bouton ML"},"content":{"rendered":"<p data-start=\"97\" data-end=\"506\">QUANTITE LIMITEE<\/p>\n<p data-start=\"97\" data-end=\"506\"><strong>Un peu d&rsquo;histoire :\u00a0<\/strong><\/p>\n<p data-start=\"97\" data-end=\"506\">En 1933, la R\u00e9gie des Tramways de l\u2019Ain r\u00e9ceptionne six autorails unidirectionnels \u00e9quip\u00e9s d\u2019un moteur essence de 70 CV et mont\u00e9s sur deux essieux (num\u00e9rot\u00e9s A11 \u00e0 A16).<\/p>\n<p data-start=\"508\" data-end=\"991\">Toutefois, en 1938, les Tramways de l\u2019Ain cessent d\u2019exploiter ses lignes non \u00e9lectrifi\u00e9es. Les autorails ML sont alors repris par la SNCF pour \u00eatre affect\u00e9s aux lignes \u00e0 voie m\u00e9trique de Corr\u00e8ze (POC), o\u00f9 ils re\u00e7oivent les num\u00e9ros ZZPE 51 \u00e0 56.<\/p>\n<p data-start=\"993\" data-end=\"1353\" data-is-last-node=\"\" data-is-only-node=\"\">D\u00e8s 1945, un premier exemplaire, puis un second, sont lou\u00e9s aux Tramways de la Corr\u00e8ze, qui finissent par acqu\u00e9rir l\u2019ensemble de la flotte en 1954. Deux ans plus tard, avec l\u2019arriv\u00e9e des autorails Billard \u00e9troits, ces engins sont progressivement mis en r\u00e9serve avant d\u2019\u00eatre d\u00e9finitivement retir\u00e9s du service et d\u00e9truits apr\u00e8s la fermeture du r\u00e9seau.<\/p>\n<p data-start=\"993\" data-end=\"1353\" data-is-last-node=\"\" data-is-only-node=\"\"><strong>Notre kit en d\u00e9tails :\u00a0<\/strong><\/p>\n<p data-start=\"993\" data-end=\"1353\" data-is-last-node=\"\" data-is-only-node=\"\">Gr\u00e2ce \u00e0 son bogie BD Concept d\u00e9velopp\u00e9 sp\u00e9cialement pour l&rsquo;occasion ce mod\u00e8le b\u00e9n\u00e9ficie d&rsquo;un roulement fiable et doux d&rsquo;origine. Aucun c\u00e2blage n\u00e9cessaire, le bogie vient simplement s&rsquo;encliqueter sur ch\u00e2ssis monobloc. Possibilit\u00e9 de c\u00e2bler un d\u00e9codeur DCC. La caisse vient par la suite se clipper sur le ch\u00e2ssis. Les vitrages d\u00e9coup\u00e9s au laser s&#8217;emboitent parfaitement dans les emplacements d\u00e9di\u00e9s \u00e0 cet effet. Les accessoires sont coll\u00e9s en place \u00e0 l&rsquo;aide de colle cyanoacrilate. La peinture est assur\u00e9e via des teintes de la gamme AMF87 (rouge autorail et gris CFD).<\/p>\n<p data-start=\"993\" data-end=\"1353\" data-is-last-node=\"\" data-is-only-node=\"\">Pour r\u00e9sumer le montage est extr\u00eamement simple et rapide. Ce kit s&rsquo;adresse aussi bien aux novices qu&rsquo;aux confirm\u00e9s. Le bon roulement en analogique est garanti par le bogie BD Concept.<\/p>\n<p data-start=\"993\" data-end=\"1353\" data-is-last-node=\"\" data-is-only-node=\"\"><strong>Notice de montage :\u00a0<a href=\"https:\/\/miniatrains-modeles.com\/wp-content\/uploads\/2025\/07\/Notice-de-montage-De-Dion-ML.pdf\">https:\/\/miniatrains-modeles.com\/wp-content\/uploads\/2025\/07\/Notice-de-montage-De-Dion-ML.pdf<\/a><\/strong><\/p>\n<p data-start=\"993\" data-end=\"1353\" data-is-last-node=\"\" data-is-only-node=\"\"><strong>Pi\u00e8ces livr\u00e9es dans le kit :\u00a0<\/strong><\/p>\n<ul>\n<li data-start=\"993\" data-end=\"1353\">Un bogie moteur (BD Concept)<\/li>\n<li data-start=\"993\" data-end=\"1353\">Un ch\u00e2ssis mono-bloc en impression 3D<\/li>\n<li data-start=\"993\" data-end=\"1353\">Une caisse mono-bloc en impression 3D<\/li>\n<li data-start=\"993\" data-end=\"1353\">Une plaque de vitrages d\u00e9coup\u00e9s et grav\u00e9s au laser<\/li>\n<li data-start=\"993\" data-end=\"1353\">Une plaque de d\u00e9tails en Kraftplex d\u00e9coup\u00e9s et grav\u00e9s au laser (cloisons, porte v\u00e9los et marchepieds)<\/li>\n<li data-start=\"993\" data-end=\"1353\">Un plaque de marquages multicouches (une couche blanche puis une couche de jaune afin de garantir le respect des couleurs).<\/li>\n<li data-start=\"993\" data-end=\"1353\">Un grappe de d\u00e9tails (tampons avant et arri\u00e8re, ligne d&rsquo;\u00e9chappement, phare, cloche et a\u00e9rateurs de toiture).<\/li>\n<\/ul>\n<p data-start=\"993\" data-end=\"1353\" data-is-last-node=\"\" data-is-only-node=\"\">Bon mod\u00e9lisme.<\/p>\n","protected":false},"excerpt":{"rendered":"<p>QUANTITE LIMITEE Un peu d&rsquo;histoire :\u00a0 En 1933, la R\u00e9gie des Tramways de l\u2019Ain r\u00e9ceptionne six autorails unidirectionnels \u00e9quip\u00e9s d\u2019un moteur essence de 70 CV et mont\u00e9s sur deux essieux (num\u00e9rot\u00e9s A11 \u00e0 A16). Toutefois, en 1938, les Tramways de l\u2019Ain cessent d\u2019exploiter ses lignes non \u00e9lectrifi\u00e9es. Les autorails ML sont alors repris par la [&hellip;]<\/p>\n","protected":false},"featured_media":816,"comment_status":"open","ping_status":"closed","template":"","meta":{"_monsterinsights_skip_tracking":false,"_monsterinsights_sitenote_active":false,"_monsterinsights_sitenote_note":"","_monsterinsights_sitenote_category":0},"product_brand":[],"product_cat":[34],"product_tag":[],"class_list":{"0":"post-812","1":"product","2":"type-product","3":"status-publish","4":"has-post-thumbnail","6":"product_cat-hom-autorails","8":"first","9":"outofstock","10":"shipping-taxable","11":"purchasable","12":"product-type-simple"},"aioseo_notices":[],"_links":{"self":[{"href":"https:\/\/miniatrains-modeles.com\/index.php?rest_route=\/wp\/v2\/product\/812","targetHints":{"allow":["GET"]}}],"collection":[{"href":"https:\/\/miniatrains-modeles.com\/index.php?rest_route=\/wp\/v2\/product"}],"about":[{"href":"https:\/\/miniatrains-modeles.com\/index.php?rest_route=\/wp\/v2\/types\/product"}],"replies":[{"embeddable":true,"href":"https:\/\/miniatrains-modeles.com\/index.php?rest_route=%2Fwp%2Fv2%2Fcomments&post=812"}],"wp:featuredmedia":[{"embeddable":true,"href":"https:\/\/miniatrains-modeles.com\/index.php?rest_route=\/wp\/v2\/media\/816"}],"wp:attachment":[{"href":"https:\/\/miniatrains-modeles.com\/index.php?rest_route=%2Fwp%2Fv2%2Fmedia&parent=812"}],"wp:term":[{"taxonomy":"product_brand","embeddable":true,"href":"https:\/\/miniatrains-modeles.com\/index.php?rest_route=%2Fwp%2Fv2%2Fproduct_brand&post=812"},{"taxonomy":"product_cat","embeddable":true,"href":"https:\/\/miniatrains-modeles.com\/index.php?rest_route=%2Fwp%2Fv2%2Fproduct_cat&post=812"},{"taxonomy":"product_tag","embeddable":true,"href":"https:\/\/miniatrains-modeles.com\/index.php?rest_route=%2Fwp%2Fv2%2Fproduct_tag&post=812"}],"curies":[{"name":"wp","href":"https:\/\/api.w.org\/{rel}","templated":true}]}}