{"id":658,"date":"2024-08-24T10:49:26","date_gmt":"2024-08-24T09:49:26","guid":{"rendered":"https:\/\/miniatrains-modeles.com\/?post_type=product&#038;p=658"},"modified":"2025-11-20T17:34:29","modified_gmt":"2025-11-20T16:34:29","slug":"hom-voiture-tc-a-essieux-de-3eme-classe","status":"publish","type":"product","link":"https:\/\/miniatrains-modeles.com\/?product=hom-voiture-tc-a-essieux-de-3eme-classe","title":{"rendered":"HOm &#8211; Voiture TC \u00e0 essieux de 3eme classe"},"content":{"rendered":"<p>Un peu d&rsquo;histoire :<\/p>\n<p>Ces voitures sont construites par les ateliers Buffaud-Robatel \u00e0 Lyon pour l&rsquo;ensemble des lignes des TC.<\/p>\n<p>Caract\u00e9ristiques :<\/p>\n<p>Ce mod\u00e8le \u00e9voque les voitures mixtes (AC : 1er et 3eme classe) \u00e0 essieux \u00a0Le kit est tr\u00e8s simple \u00e0 monter puisqu\u2019il se pr\u00e9sente sous la forme d\u2019une seule pi\u00e8ce. La peinture s\u2019effectue facilement. Voir la notice PDF pour plus de d\u00e9tails :\u00a0<a href=\"http:\/\/miniatrains-modeles.com\/wp-content\/uploads\/2024\/09\/Notice-de-montage.pdf\">http:\/\/miniatrains-modeles.com\/wp-content\/uploads\/2024\/09\/Notice-de-montage.pdf<\/a><\/p>\n<p>L\u2019impression 3D est d\u2019une grande finesse (couches de 3 microns). Nous utilisons \u00e9galement la r\u00e9sine de haute qualit\u00e9 (AMD-3) de chez Ameralabs. Cette derni\u00e8re est sp\u00e9cifiquement pr\u00e9vue pour obtenir des impressions fines, robustes et durables dans le temps.<\/p>\n<p>Par ailleurs nous utilisons la d\u00e9coupe laser pour r\u00e9aliser des pi\u00e8ces de d\u00e9tails robustes.<\/p>\n<p style=\"font-weight: 400\">Pi\u00e8ces pr\u00e9sentes dans le kit\u00a0:<\/p>\n<ul>\n<li>Un ch\u00e2ssis avec am\u00e9nagement int\u00e9rieur en impression 3D.<\/li>\n<li>Une caisse en impression 3D.<\/li>\n<li>Une plaque de d\u00e9taillage en carton d\u00e9coup\u00e9 au laser.<\/li>\n<li>2 essieux HOm. Mais la conception est aussi comptabible avec des essieux HOe.<\/li>\n<li>2 attelages \u00e0 boucle.<\/li>\n<li>Une plaque de marquages (d\u00e9calcomanies)<\/li>\n<li>Une plaque de vitrages.<\/li>\n<li>Une notice de montage.<\/li>\n<\/ul>\n","protected":false},"excerpt":{"rendered":"<p>Un peu d&rsquo;histoire : Ces voitures sont construites par les ateliers Buffaud-Robatel \u00e0 Lyon pour l&rsquo;ensemble des lignes des TC. Caract\u00e9ristiques : Ce mod\u00e8le \u00e9voque les voitures mixtes (AC : 1er et 3eme classe) \u00e0 essieux \u00a0Le kit est tr\u00e8s simple \u00e0 monter puisqu\u2019il se pr\u00e9sente sous la forme d\u2019une seule pi\u00e8ce. La peinture s\u2019effectue [&hellip;]<\/p>\n","protected":false},"featured_media":682,"comment_status":"open","ping_status":"closed","template":"","meta":{"_monsterinsights_skip_tracking":false,"_monsterinsights_sitenote_active":false,"_monsterinsights_sitenote_note":"","_monsterinsights_sitenote_category":0},"product_brand":[],"product_cat":[31],"product_tag":[],"class_list":{"0":"post-658","1":"product","2":"type-product","3":"status-publish","4":"has-post-thumbnail","6":"product_cat-materiel-voyageur-tc","8":"first","9":"instock","10":"shipping-taxable","11":"purchasable","12":"product-type-simple"},"aioseo_notices":[],"_links":{"self":[{"href":"https:\/\/miniatrains-modeles.com\/index.php?rest_route=\/wp\/v2\/product\/658","targetHints":{"allow":["GET"]}}],"collection":[{"href":"https:\/\/miniatrains-modeles.com\/index.php?rest_route=\/wp\/v2\/product"}],"about":[{"href":"https:\/\/miniatrains-modeles.com\/index.php?rest_route=\/wp\/v2\/types\/product"}],"replies":[{"embeddable":true,"href":"https:\/\/miniatrains-modeles.com\/index.php?rest_route=%2Fwp%2Fv2%2Fcomments&post=658"}],"wp:featuredmedia":[{"embeddable":true,"href":"https:\/\/miniatrains-modeles.com\/index.php?rest_route=\/wp\/v2\/media\/682"}],"wp:attachment":[{"href":"https:\/\/miniatrains-modeles.com\/index.php?rest_route=%2Fwp%2Fv2%2Fmedia&parent=658"}],"wp:term":[{"taxonomy":"product_brand","embeddable":true,"href":"https:\/\/miniatrains-modeles.com\/index.php?rest_route=%2Fwp%2Fv2%2Fproduct_brand&post=658"},{"taxonomy":"product_cat","embeddable":true,"href":"https:\/\/miniatrains-modeles.com\/index.php?rest_route=%2Fwp%2Fv2%2Fproduct_cat&post=658"},{"taxonomy":"product_tag","embeddable":true,"href":"https:\/\/miniatrains-modeles.com\/index.php?rest_route=%2Fwp%2Fv2%2Fproduct_tag&post=658"}],"curies":[{"name":"wp","href":"https:\/\/api.w.org\/{rel}","templated":true}]}}