{"id":597,"date":"2024-04-11T19:37:13","date_gmt":"2024-04-11T18:37:13","guid":{"rendered":"https:\/\/miniatrains-modeles.com\/?post_type=product&#038;p=597"},"modified":"2025-05-24T14:42:35","modified_gmt":"2025-05-24T13:42:35","slug":"hom-pack-de-4-remorques-de-dion-bouton-de-type-nf-cfd","status":"publish","type":"product","link":"https:\/\/miniatrains-modeles.com\/?product=hom-pack-de-4-remorques-de-dion-bouton-de-type-nf-cfd","title":{"rendered":"HOm &#8211; Pack de 4 remorques De Dion Bouton de type NF &#8211; CFD"},"content":{"rendered":"<p>Les remorques De Dion Bouton de type NF \u00e0 un essieu sont id\u00e9ales pour agr\u00e9menter les voies de garage de vos r\u00e9seaux. Elles pourront \u00e9galement rouler derri\u00e8re un autorail De Dion Bouton NC\/ND ou encore derri\u00e8re un autorail Billard A80D. Ces deux autorails sont pr\u00e9vus au catalogue REE Mod\u00e8le. On pouvait \u00e9galement les voir attach\u00e9es derri\u00e8re une remorque voyageur De Dion Bouton de type NE que nous proposons \u00e0 notre catalogue.<\/p>\n<p><strong><u>Caract\u00e9ristiques\u00a0:<\/u><\/strong><\/p>\n<p>Ce pack regroupe les 4 versions des remorques de type NF propos\u00e9s sur la boutique :<\/p>\n<ul>\n<li><a href=\"https:\/\/miniatrains-modeles.com\/?product=h0m-remorque-de-dion-bouton-isotherme-de-type-nf-cfd\">Remorque Isotherme<\/a><\/li>\n<li><a href=\"https:\/\/miniatrains-modeles.com\/?product=h0m-remorque-de-dion-bouton-postale-bachee-de-type-nf-cfd\">Remorque Postale B\u00e2ch\u00e9e<\/a><\/li>\n<li><a href=\"https:\/\/miniatrains-modeles.com\/?product=h0m-remorque-de-dion-bouton-postale-non-bachee-de-type-nf-cfd\">Remorque Postale Non-B\u00e2ch\u00e9e<\/a><\/li>\n<li><a href=\"https:\/\/miniatrains-modeles.com\/?product=h0m-remorque-de-dion-bouton-postale-metal-et-bois-de-type-nf-cfd\">Remorque Postale m\u00e9tal et bois<\/a><\/li>\n<\/ul>\n<p><strong><u>Un peu d\u2019histoire\u00a0:<\/u><\/strong><\/p>\n<p>Construites par les \u00e9tablissements De Dion Bouton (num\u00e9ros du constructeur : 59 \u00e0 64) ces remorques sont r\u00e9serv\u00e9es au transport des bagages en des messagerie d\u2019o\u00f9 l\u2019appellation \u201cremorque postale\u201d. Elle sont attel\u00e9es au crochet sous tampon des autorails par le biais d\u2019un timon triangulaire faisant office de b\u00e9quille pr\u00e9sent \u00e0 chaque extr\u00e9mit\u00e9. Cela \u00e9vitait donc les probl\u00e8mes de retournement en fin de parcours.<\/p>\n<p>&nbsp;<\/p>\n","protected":false},"excerpt":{"rendered":"<p>Les remorques De Dion Bouton de type NF \u00e0 un essieu sont id\u00e9ales pour agr\u00e9menter les voies de garage de vos r\u00e9seaux. Elles pourront \u00e9galement rouler derri\u00e8re un autorail De Dion Bouton NC\/ND ou encore derri\u00e8re un autorail Billard A80D. Ces deux autorails sont pr\u00e9vus au catalogue REE Mod\u00e8le. On pouvait \u00e9galement les voir attach\u00e9es [&hellip;]<\/p>\n","protected":false},"featured_media":599,"comment_status":"open","ping_status":"closed","template":"","meta":{"_monsterinsights_skip_tracking":false,"_monsterinsights_sitenote_active":false,"_monsterinsights_sitenote_note":"","_monsterinsights_sitenote_category":0},"product_brand":[],"product_cat":[27],"product_tag":[],"class_list":{"0":"post-597","1":"product","2":"type-product","3":"status-publish","4":"has-post-thumbnail","6":"product_cat-materiel-marchandise","8":"first","9":"outofstock","10":"shipping-taxable","11":"purchasable","12":"product-type-simple"},"aioseo_notices":[],"_links":{"self":[{"href":"https:\/\/miniatrains-modeles.com\/index.php?rest_route=\/wp\/v2\/product\/597","targetHints":{"allow":["GET"]}}],"collection":[{"href":"https:\/\/miniatrains-modeles.com\/index.php?rest_route=\/wp\/v2\/product"}],"about":[{"href":"https:\/\/miniatrains-modeles.com\/index.php?rest_route=\/wp\/v2\/types\/product"}],"replies":[{"embeddable":true,"href":"https:\/\/miniatrains-modeles.com\/index.php?rest_route=%2Fwp%2Fv2%2Fcomments&post=597"}],"wp:featuredmedia":[{"embeddable":true,"href":"https:\/\/miniatrains-modeles.com\/index.php?rest_route=\/wp\/v2\/media\/599"}],"wp:attachment":[{"href":"https:\/\/miniatrains-modeles.com\/index.php?rest_route=%2Fwp%2Fv2%2Fmedia&parent=597"}],"wp:term":[{"taxonomy":"product_brand","embeddable":true,"href":"https:\/\/miniatrains-modeles.com\/index.php?rest_route=%2Fwp%2Fv2%2Fproduct_brand&post=597"},{"taxonomy":"product_cat","embeddable":true,"href":"https:\/\/miniatrains-modeles.com\/index.php?rest_route=%2Fwp%2Fv2%2Fproduct_cat&post=597"},{"taxonomy":"product_tag","embeddable":true,"href":"https:\/\/miniatrains-modeles.com\/index.php?rest_route=%2Fwp%2Fv2%2Fproduct_tag&post=597"}],"curies":[{"name":"wp","href":"https:\/\/api.w.org\/{rel}","templated":true}]}}