{"id":468,"date":"2021-11-14T14:51:08","date_gmt":"2021-11-14T13:51:08","guid":{"rendered":"https:\/\/miniatrains-modeles.com\/?post_type=product&#038;p=468"},"modified":"2026-01-20T17:44:29","modified_gmt":"2026-01-20T16:44:29","slug":"h0m-remorque-de-dion-bouton-type-ne","status":"publish","type":"product","link":"https:\/\/miniatrains-modeles.com\/?product=h0m-remorque-de-dion-bouton-type-ne","title":{"rendered":"H0m\/HOe &#8211; Remorque De Dion Bouton type NE"},"content":{"rendered":"<p><strong><u>Caract\u00e9ristiques\u00a0:<\/u><\/strong><\/p>\n<p>&nbsp;<\/p>\n<p>Un kit dont le montage vous prendra litt\u00e9ralement quelques minutes. Peignez, ajoutez les essieux sur le ch\u00e2ssis, posez la caisse et collez les tampons\u2026 C\u2019est aussi simple que \u00e7a\u00a0!<\/p>\n<p>&nbsp;<\/p>\n<p><strong><u>Pi\u00e8ces livr\u00e9es dans le kit\u00a0: <\/u><\/strong><\/p>\n<ul>\n<li>Une caisse en r\u00e9sine issue d\u2019impression 3D pr\u00eate pour mise en peinture. Cependant, un l\u00e9ger pon\u00e7age au papier \u00e0 poncer de carrossier de faible grain 1000 permet d&rsquo;obtenir un r\u00e9sultat parfait !<\/li>\n<li>Un ch\u00e2ssis issu d\u2019impression 3D pr\u00eat pour mise en peinture.<\/li>\n<li>Des tampons issus d\u2019impression 3D.<\/li>\n<li>Deux essieux HOm.<\/li>\n<li>Une plaque de vitrage \u00e0 d\u00e9couper accompagn\u00e9e d&rsquo;un gabarit de coupe.<\/li>\n<\/ul>\n<p><strong><u>Un peu d\u2019histoire\u00a0:<\/u><\/strong><\/p>\n<p>&nbsp;<\/p>\n<p>Construites par les \u00e9tablissements De Dion Bouton (num\u00e9ros du constructeur\u00a0: 56 \u00e0 58), elles sont num\u00e9rot\u00e9es de 1 \u00e0 3 par la compagnie des chemins de fer d\u00e9partementaux (C.F.D.) \u00e0 leur r\u00e9ception sur le r\u00e9seau d\u2019int\u00e9r\u00eat g\u00e9n\u00e9ral des Charentes et Deux-S\u00e8vres en 1935.<\/p>\n<p>&nbsp;<\/p>\n<p>Apr\u00e8s la fermeture de ce r\u00e9seau, les n\u00b01 et N\u00b0\u00a03 rejoignent le chemin de fer d\u00e9partemental de la Loz\u00e8re le 2 ao\u00fbt 1952, la n\u00b02 \u00e9tant livr\u00e9e au r\u00e9seau C.F.D de Sa\u00f4ne et Loire le 18 juin 1952.<\/p>\n<p>&nbsp;<\/p>\n<p>Ces remorques furent utilis\u00e9es afin de former une rame homog\u00e8ne avec les fameux autorails du m\u00eame constructeur. Elles augmentent sensiblement la capacit\u00e9 de transport de ces derniers, passant ainsi de 31 \u00e0 49 places. Cependant elles ne furent finalement pas \u00e9norm\u00e9ment utilis\u00e9es \u00e9tant donn\u00e9 la faible capacit\u00e9 de tractions des autorails De Dion Bouton de type ND. N\u00e9anmoins il ne fut pas rare de voir ces charmantes remorques prendre part dans les compositions de trains mixtes.<\/p>\n","protected":false},"excerpt":{"rendered":"<p>Caract\u00e9ristiques\u00a0: &nbsp; Un kit dont le montage vous prendra litt\u00e9ralement quelques minutes. Peignez, ajoutez les essieux sur le ch\u00e2ssis, posez la caisse et collez les tampons\u2026 C\u2019est aussi simple que \u00e7a\u00a0! &nbsp; Pi\u00e8ces livr\u00e9es dans le kit\u00a0: Une caisse en r\u00e9sine issue d\u2019impression 3D pr\u00eate pour mise en peinture. Cependant, un l\u00e9ger pon\u00e7age au papier [&hellip;]<\/p>\n","protected":false},"featured_media":478,"comment_status":"open","ping_status":"closed","template":"","meta":{"_monsterinsights_skip_tracking":false,"_monsterinsights_sitenote_active":false,"_monsterinsights_sitenote_note":"","_monsterinsights_sitenote_category":0},"product_brand":[],"product_cat":[22],"product_tag":[],"class_list":{"0":"post-468","1":"product","2":"type-product","3":"status-publish","4":"has-post-thumbnail","6":"product_cat-materiel-voyageur","8":"first","9":"instock","10":"shipping-taxable","11":"purchasable","12":"product-type-simple"},"aioseo_notices":[],"_links":{"self":[{"href":"https:\/\/miniatrains-modeles.com\/index.php?rest_route=\/wp\/v2\/product\/468","targetHints":{"allow":["GET"]}}],"collection":[{"href":"https:\/\/miniatrains-modeles.com\/index.php?rest_route=\/wp\/v2\/product"}],"about":[{"href":"https:\/\/miniatrains-modeles.com\/index.php?rest_route=\/wp\/v2\/types\/product"}],"replies":[{"embeddable":true,"href":"https:\/\/miniatrains-modeles.com\/index.php?rest_route=%2Fwp%2Fv2%2Fcomments&post=468"}],"wp:featuredmedia":[{"embeddable":true,"href":"https:\/\/miniatrains-modeles.com\/index.php?rest_route=\/wp\/v2\/media\/478"}],"wp:attachment":[{"href":"https:\/\/miniatrains-modeles.com\/index.php?rest_route=%2Fwp%2Fv2%2Fmedia&parent=468"}],"wp:term":[{"taxonomy":"product_brand","embeddable":true,"href":"https:\/\/miniatrains-modeles.com\/index.php?rest_route=%2Fwp%2Fv2%2Fproduct_brand&post=468"},{"taxonomy":"product_cat","embeddable":true,"href":"https:\/\/miniatrains-modeles.com\/index.php?rest_route=%2Fwp%2Fv2%2Fproduct_cat&post=468"},{"taxonomy":"product_tag","embeddable":true,"href":"https:\/\/miniatrains-modeles.com\/index.php?rest_route=%2Fwp%2Fv2%2Fproduct_tag&post=468"}],"curies":[{"name":"wp","href":"https:\/\/api.w.org\/{rel}","templated":true}]}}