{"id":510,"date":"2022-01-25T16:08:09","date_gmt":"2022-01-25T15:08:09","guid":{"rendered":"https:\/\/miniatrains-modeles.com\/?page_id=510"},"modified":"2022-01-25T16:08:10","modified_gmt":"2022-01-25T15:08:10","slug":"mentions-legales","status":"publish","type":"page","link":"https:\/\/miniatrains-modeles.com\/?page_id=510","title":{"rendered":"Mentions L\u00e9gales"},"content":{"rendered":"\n<h3 class=\"wp-block-heading\">Propri\u00e9taire du site<\/h3>\n\n\n\n<p><strong>Miniatrains Mod\u00e8les<\/strong><br>Autoentreprise immatricul\u00e9e aupr\u00e8s de l\u2019INSEE sous le num\u00e9ro de SIRET 890 400 658 000 13.<\/p>\n\n\n\n<p>Hugo CORON<br>28 rue du bout de l&rsquo;eau, 78490 MAREIL LE GUYON (France)<\/p>\n\n\n\n<p>contact@miniatrains-modeles.com<\/p>\n\n\n\n<h3 class=\"wp-block-heading\">H\u00e9bergeur<\/h3>\n\n\n\n<p>Site h\u00e9berg\u00e9 par HOSTINGER.FR<\/p>\n\n\n\n<h3 class=\"wp-block-heading\">Propri\u00e9t\u00e9 intellectuelle<\/h3>\n\n\n\n<p>Sauf mention contraire, l\u2019int\u00e9gralit\u00e9 du contenu du site est la propri\u00e9t\u00e9 de Miniatrains Mod\u00e8les.<br>Le contenu du site est prot\u00e9g\u00e9 par la l\u00e9gislation relative \u00e0 la propri\u00e9t\u00e9 intellectuelle.<br>Le contenu du site ne peut \u00eatre reproduit ou diffus\u00e9 que dans le cadre d\u2019une courte citation et en indiquant la source.<\/p>\n\n\n\n<h3 class=\"wp-block-heading\">Donn\u00e9es personnelles<\/h3>\n\n\n\n<p>Le site marchand Miniatrains Mod\u00e8les peut collecter des donn\u00e9es personnelles \u00e0 deux occasions :<\/p>\n\n\n\n<ul class=\"wp-block-list\"><li>L\u2019achat de produits : l\u2019acheteur doit cr\u00e9er un compte client qui contient une adresse \u00e9lectronique et un mot de passe. De plus, il doit fournir une adresse postale pour permettre la livraison et peut \u00e9galement fournir une adresse de facturation pour recevoir sa facture ind\u00e9pendamment de sa commande. Les informations alors collect\u00e9es sont conserv\u00e9es dans le compte client et r\u00e9utilis\u00e9es lors des autres commandes. Toutes ces donn\u00e9es ne sont utilis\u00e9es que pour permettre au client de s\u2019identifier, de commander des produits, d\u2019assurer les livraisons et de retrouver les informations quant \u00e0 ses commandes.<\/li><li>L\u2019inscription \u00e0 la newsletter : l\u2019abonn\u00e9 \u00e0 la newsletter fournit son adresse \u00e9lectronique, et dans certains cas son nom et pr\u00e9nom, pour recevoir la newsletter de Miniatrains Mod\u00e8les. Cette newsletter permet d\u2019\u00eatre inform\u00e9 des nouveaut\u00e9s, des offres de Miniatrains Mod\u00e8les et de recevoir d\u2019autres contenus informatifs li\u00e9s \u00e0 l\u2019activit\u00e9 de Miniatrains Mod\u00e8les.<\/li><\/ul>\n\n\n\n<p>Ces donn\u00e9es ne peuvent pas \u00eatres c\u00e9d\u00e9es et ne sont utilis\u00e9es que dans le cadre d\u00e9termin\u00e9 par chaque traitement.<\/p>\n\n\n\n<p>L\u2019utilisateur peut mettre fin \u00e0 la conservation de ses donn\u00e9es en :<\/p>\n\n\n\n<ul class=\"wp-block-list\"><li>supprimant son compte client dans le cadre du traitement d\u2019achat de produits<\/li><li>suivant le lien de d\u00e9sinscription \u00e0 la newsletter pr\u00e9sent en bas de chaque mail re\u00e7u dans le cadre de l\u2019abonnement \u00e0 la newsletter<\/li><\/ul>\n\n\n\n<p>De plus, en vertu de la loi n\u00b0 78-17 du 6 janvier 1978 relative \u00e0 l\u2019informatique, aux fichiers et aux libert\u00e9s, l\u2019utilisateur dispose d\u2019un droit d\u2019acc\u00e8s, de consultation, de modification, de rectification et de suppression des donn\u00e9es communiqu\u00e9es \u00e0 Miniatrains Mod\u00e8les.<\/p>\n\n\n\n<p>Pour exercer ces droits, vous pouvez contacter Miniatrains Mod\u00e8les\u00a0soit :<\/p>\n\n\n\n<ul class=\"wp-block-list\"><li>Par courriel \u00e0 l\u2019adresse \u00e9lectronique \u00ab\u00a0contact@miniatrains-modeles.com\u00a0\u00bb<\/li><li>Par courrier en envoyant une lettre \u00e0 l\u2019adresse suivante\u00a0: \u00ab\u00a0MINIATRAINS MOD\u00c8LES \u2013 28 rue du bout de l&rsquo;eau, 78490 Mareil le Guyon\u00bb. Le courrier doit mentionner un moyen de communication avec l\u2019\u00e9metteur de la demande (adresse postale, adresse \u00e9lectronique, num\u00e9ro de t\u00e9l\u00e9phone, etc.)<\/li><\/ul>\n\n\n\n<p>Le courriel ou le courrier doit mentionner les donn\u00e9es auxquelles vous souhaitez acc\u00e9der.<br>Un justificatif d\u2019identit\u00e9 peut \u00eatre demand\u00e9 pour acc\u00e9der \u00e0 la demande.<\/p>\n\n\n\n<h3 class=\"wp-block-heading\">Cookies<\/h3>\n\n\n\n<p>Le site Miniatrains Mod\u00e8les utilise de cookies.<\/p>\n\n\n\n<p>Ainsi, le site est susceptible d\u2019acc\u00e9der \u00e0 des informations d\u00e9j\u00e0 stock\u00e9es dans votre \u00e9quipement terminal de communications \u00e9lectroniques et d\u2019y inscrire des informations. Les donn\u00e9es utilis\u00e9es par ce syst\u00e8me sont anonymes.<\/p>\n\n\n\n<p>Liste des cookies utilis\u00e9es sur le site Miniatrains Mod\u00e8les :<\/p>\n\n\n\n<figure class=\"wp-block-table\"><table><thead><tr><th>COOKIE<\/th><th>DESCRIPTION<\/th><\/tr><\/thead><tbody><tr><td>__stripe_mid<\/td><td>Cookie param\u00e9tr\u00e9 par la solution de paiement Stripe. Il permet de mettre en place les paiements sur le site. Il ne stocke aucune information.<\/td><\/tr><tr><td>__stripe_sid<\/td><td>Cookie param\u00e9tr\u00e9 par la solution de paiement Stripe. Il permet de mettre en place les paiements sur le site. Il ne stocke aucune information.<\/td><\/tr><tr><td>_ga<\/td><td>Ce cookie permet de r\u00e9colter des statistiques sur l&rsquo;utilisation du site, via Google Analytics. Le cookie collecte des informations anonymement et y attribue un num\u00e9ro al\u00e9atoire pour reconna\u00eetre chaque visiteur.<\/td><\/tr><tr><td>_ga_7E3MDV258J<\/td><td>This cookie is installed by Google Analytics.<\/td><\/tr><tr><td>_gat_gtag_UA_206767196_3<\/td><td>Cookie param\u00e9tr\u00e9 par Google Analytics pour distinguer les utilisateurs du site. Ce traitement permet de g\u00e9n\u00e9rer des statistiques sur l&rsquo;utilisation du site.<\/td><\/tr><tr><td>_gat_gtag_UA_206767196_4<\/td><td>Set by Google to distinguish users.<\/td><\/tr><tr><td>_gid<\/td><td>Ce cookie permet de r\u00e9colter des statistiques sur l&rsquo;utilisation et les performances du site, via Google Analytics.<\/td><\/tr><tr><td>_GRECAPTCHA<\/td><td>Cookie param\u00e9tr\u00e9 par Google Recaptcha. Ce service permet d&rsquo;identifier les robots et de prot\u00e9ger le site des attaques.<\/td><\/tr><tr><td>cookielawinfo-checkbox-analytics<\/td><td>Cookie param\u00e9tr\u00e9 par l&rsquo;utilitaire de gestions des cookies pour sauvegarder le param\u00e8tre de la cat\u00e9gorie \u00ab\u00a0Statistiques\u00a0\u00bb.<\/td><\/tr><tr><td>cookielawinfo-checkbox-autres<\/td><td>No description available.<\/td><\/tr><tr><td>cookielawinfo-checkbox-necessaires<\/td><td>No description available.<\/td><\/tr><tr><td>cookielawinfo-checkbox-necessary<\/td><td>Cookie param\u00e9tr\u00e9 par l&rsquo;utilitaire de gestions des cookies pour sauvegarder le param\u00e8tre de la cat\u00e9gorie \u00ab\u00a0N\u00e9cessaires\u00a0\u00bb.<\/td><\/tr><tr><td>cookielawinfo-checkbox-others<\/td><td>Cookie param\u00e9tr\u00e9 par l&rsquo;utilitaire de gestions des cookies pour sauvegarder le param\u00e8tre de la cat\u00e9gorie \u00ab\u00a0Autres\u00a0\u00bb.<\/td><\/tr><tr><td>cookielawinfo-checkbox-statistiques<\/td><td>This cookie is set by the GDPR Cookie Consent plugin to check if the user has given consent to use cookies under the \u00ab\u00a0Statistiques\u00a0\u00bb category.<\/td><\/tr><tr><td>et_pb_ab_view_page_99<\/td><td>No description<\/td><\/tr><tr><td>m<\/td><td>Aucune description disponible.<\/td><\/tr><tr><td>tk_ai<\/td><td>Gathers information for WordPress by themselves, first party analytics tool about how WP services are used. A collection of internal metrics for user activity, used to improve user experience.<\/td><\/tr><tr><td>tk_lr<\/td><td>The tk_lr is a referral cookie set by the JetPack plugin on sites using WooCommerce, which analyzes referrer behaviour for Jetpack.<\/td><\/tr><tr><td>tk_or<\/td><td>The tk_or is a referral cookie set by the JetPack plugin on sites using WooCommerce, which analyzes referrer behaviour for Jetpack.<\/td><\/tr><tr><td>tk_qs<\/td><td>Gathers information for WordPress by themselves, first party analytics tool about how WP services are used. A collection of internal metrics for user activity, used to improve user experience.<\/td><\/tr><tr><td>tk_r3d<\/td><td>JetPack installs this cookie to collect internal metrics for user activity and in turn improve user experience.<\/td><\/tr><\/tbody><\/table><\/figure>\n\n\n\n<p>L\u2019utilisateur peut bloquer ou supprimer les cookies dans les options de son navigateur, cependant, ces op\u00e9rations peuvent alt\u00e9rer le fonctionnement des services propos\u00e9s.<\/p>\n\n\n\n<p>L\u2019utilisateur peut \u00e9galement s\u00e9lectionner les cookies qu\u2019il souhaite voir install\u00e9s ou non en utilisant l\u2019utilitaire de gestion des cookies du site (cliquer sur le bouton Cookies en bas de l\u2019\u00e9cran).<\/p>\n","protected":false},"excerpt":{"rendered":"<p>Propri\u00e9taire du site Miniatrains Mod\u00e8lesAutoentreprise immatricul\u00e9e aupr\u00e8s de l\u2019INSEE sous le num\u00e9ro de SIRET 890 400 658 000 13. Hugo CORON28 rue du bout de l&rsquo;eau, 78490 MAREIL LE GUYON (France) contact@miniatrains-modeles.com H\u00e9bergeur Site h\u00e9berg\u00e9 par HOSTINGER.FR Propri\u00e9t\u00e9 intellectuelle Sauf mention contraire, l\u2019int\u00e9gralit\u00e9 du contenu du site est la propri\u00e9t\u00e9 de Miniatrains Mod\u00e8les.Le contenu du [&hellip;]<\/p>\n","protected":false},"author":1,"featured_media":0,"parent":0,"menu_order":0,"comment_status":"closed","ping_status":"closed","template":"","meta":{"_monsterinsights_skip_tracking":false,"_monsterinsights_sitenote_active":false,"_monsterinsights_sitenote_note":"","_monsterinsights_sitenote_category":0,"footnotes":""},"class_list":["post-510","page","type-page","status-publish","hentry"],"blocksy_meta":{"styles_descriptor":{"styles":{"desktop":"","tablet":"","mobile":""},"google_fonts":[],"version":6}},"aioseo_notices":[],"_links":{"self":[{"href":"https:\/\/miniatrains-modeles.com\/index.php?rest_route=\/wp\/v2\/pages\/510","targetHints":{"allow":["GET"]}}],"collection":[{"href":"https:\/\/miniatrains-modeles.com\/index.php?rest_route=\/wp\/v2\/pages"}],"about":[{"href":"https:\/\/miniatrains-modeles.com\/index.php?rest_route=\/wp\/v2\/types\/page"}],"author":[{"embeddable":true,"href":"https:\/\/miniatrains-modeles.com\/index.php?rest_route=\/wp\/v2\/users\/1"}],"replies":[{"embeddable":true,"href":"https:\/\/miniatrains-modeles.com\/index.php?rest_route=%2Fwp%2Fv2%2Fcomments&post=510"}],"version-history":[{"count":1,"href":"https:\/\/miniatrains-modeles.com\/index.php?rest_route=\/wp\/v2\/pages\/510\/revisions"}],"predecessor-version":[{"id":511,"href":"https:\/\/miniatrains-modeles.com\/index.php?rest_route=\/wp\/v2\/pages\/510\/revisions\/511"}],"wp:attachment":[{"href":"https:\/\/miniatrains-modeles.com\/index.php?rest_route=%2Fwp%2Fv2%2Fmedia&parent=510"}],"curies":[{"name":"wp","href":"https:\/\/api.w.org\/{rel}","templated":true}]}}